{"id":2321,"date":"2026-03-22T16:50:45","date_gmt":"2026-03-22T16:50:45","guid":{"rendered":"https:\/\/greentrip-eg.com\/product\/ganztaegiger-ausflug-zum-wrack-der-ss-thistlegorm-fuer-profis-sharm-el-sheikh\/"},"modified":"2026-03-22T16:50:45","modified_gmt":"2026-03-22T16:50:45","slug":"ganztaegiger-ausflug-zum-wrack-der-ss-thistlegorm-fuer-profis-sharm-el-sheikh","status":"publish","type":"product","link":"https:\/\/greentrip-eg.com\/de\/produkt\/ganztaegiger-ausflug-zum-wrack-der-ss-thistlegorm-fuer-profis-sharm-el-sheikh\/","title":{"rendered":"Ganzt\u00e4giger Ausflug zum Wrack der SS Thistlegorm f\u00fcr Profis \u2013 Sharm El Sheikh"},"content":{"rendered":"","protected":false},"excerpt":{"rendered":"<p data-start=\"166\" data-end=\"406\">Genie\u00dfe einen ganzt\u00e4gigen Tauchausflug zum Wrack der SS Thistlegorm, begleitet von einem professionellen Tauchlehrer und kompletter Ausr\u00fcstung.<br \/>Die Tour beinhaltet Fr\u00fchst\u00fcck, Mittagessen und Getr\u00e4nke an Bord des Bootes und ist ausschlie\u00dflich f\u00fcr erfahrene Taucher auf fortgeschrittenem Niveau geeignet. Der Abflug erfolgt im Morgengrauen vom Hotel aus f\u00fcr ein einzigartiges maritimes Abenteuer.  <\/p>\n","protected":false},"featured_media":0,"comment_status":"open","ping_status":"closed","template":"","meta":{"_acf_changed":false,"site-sidebar-layout":"default","site-content-layout":"","ast-site-content-layout":"default","site-content-style":"default","site-sidebar-style":"default","ast-global-header-display":"","ast-banner-title-visibility":"","ast-main-header-display":"","ast-hfb-above-header-display":"","ast-hfb-below-header-display":"","ast-hfb-mobile-header-display":"","site-post-title":"","ast-breadcrumbs-content":"","ast-featured-img":"","footer-sml-layout":"","ast-disable-related-posts":"","theme-transparent-header-meta":"default","adv-header-id-meta":"","stick-header-meta":"","header-above-stick-meta":"","header-main-stick-meta":"","header-below-stick-meta":"","astra-migrate-meta-layouts":"default","ast-page-background-enabled":"default","ast-page-background-meta":{"desktop":{"background-color":"var(--ast-global-color-5)","background-image":"","background-repeat":"repeat","background-position":"center center","background-size":"auto","background-attachment":"scroll","background-type":"","background-media":"","overlay-type":"","overlay-color":"","overlay-opacity":"","overlay-gradient":""},"tablet":{"background-color":"","background-image":"","background-repeat":"repeat","background-position":"center center","background-size":"auto","background-attachment":"scroll","background-type":"","background-media":"","overlay-type":"","overlay-color":"","overlay-opacity":"","overlay-gradient":""},"mobile":{"background-color":"","background-image":"","background-repeat":"repeat","background-position":"center center","background-size":"auto","background-attachment":"scroll","background-type":"","background-media":"","overlay-type":"","overlay-color":"","overlay-opacity":"","overlay-gradient":""}},"ast-content-background-meta":{"desktop":{"background-color":"var(--ast-global-color-4)","background-image":"","background-repeat":"repeat","background-position":"center center","background-size":"auto","background-attachment":"scroll","background-type":"","background-media":"","overlay-type":"","overlay-color":"","overlay-opacity":"","overlay-gradient":""},"tablet":{"background-color":"var(--ast-global-color-4)","background-image":"","background-repeat":"repeat","background-position":"center center","background-size":"auto","background-attachment":"scroll","background-type":"","background-media":"","overlay-type":"","overlay-color":"","overlay-opacity":"","overlay-gradient":""},"mobile":{"background-color":"var(--ast-global-color-4)","background-image":"","background-repeat":"repeat","background-position":"center center","background-size":"auto","background-attachment":"scroll","background-type":"","background-media":"","overlay-type":"","overlay-color":"","overlay-opacity":"","overlay-gradient":""}}},"product_brand":[],"product_cat":[68],"product_tag":[],"class_list":{"0":"post-2321","1":"product","2":"type-product","3":"status-publish","5":"product_cat-snorkeling","6":"desktop-align-left","7":"tablet-align-left","8":"mobile-align-left","10":"first","11":"instock","12":"sold-individually","13":"shipping-taxable","14":"product-type-simple"},"acf":[],"_links":{"self":[{"href":"https:\/\/greentrip-eg.com\/de\/wp-json\/wp\/v2\/product\/2321","targetHints":{"allow":["GET"]}}],"collection":[{"href":"https:\/\/greentrip-eg.com\/de\/wp-json\/wp\/v2\/product"}],"about":[{"href":"https:\/\/greentrip-eg.com\/de\/wp-json\/wp\/v2\/types\/product"}],"replies":[{"embeddable":true,"href":"https:\/\/greentrip-eg.com\/de\/wp-json\/wp\/v2\/comments?post=2321"}],"wp:attachment":[{"href":"https:\/\/greentrip-eg.com\/de\/wp-json\/wp\/v2\/media?parent=2321"}],"wp:term":[{"taxonomy":"product_brand","embeddable":true,"href":"https:\/\/greentrip-eg.com\/de\/wp-json\/wp\/v2\/product_brand?post=2321"},{"taxonomy":"product_cat","embeddable":true,"href":"https:\/\/greentrip-eg.com\/de\/wp-json\/wp\/v2\/product_cat?post=2321"},{"taxonomy":"product_tag","embeddable":true,"href":"https:\/\/greentrip-eg.com\/de\/wp-json\/wp\/v2\/product_tag?post=2321"}],"curies":[{"name":"wp","href":"https:\/\/api.w.org\/{rel}","templated":true}]}}