{"id":2121,"date":"2026-02-02T17:41:43","date_gmt":"2026-02-02T17:41:43","guid":{"rendered":"https:\/\/greentrip-eg.com\/sarm-el-seyh-icinde\/"},"modified":"2026-04-27T09:40:40","modified_gmt":"2026-04-27T09:40:40","slug":"sarm-el-seyh-icinde","status":"publish","type":"page","link":"https:\/\/greentrip-eg.com\/tr\/sarm-el-seyh-icinde\/","title":{"rendered":"\u015earm El-\u015eeyh i\u00e7inde"},"content":{"rendered":"\t\t<div data-elementor-type=\"wp-page\" data-elementor-id=\"2121\" class=\"elementor elementor-2121 elementor-698\" data-elementor-post-type=\"page\">\n\t\t\t\t<div class=\"elementor-element elementor-element-562a668 e-flex e-con-boxed wpr-particle-no wpr-jarallax-no wpr-parallax-no wpr-sticky-section-no wpr-equal-height-no e-con e-parent\" data-id=\"562a668\" data-element_type=\"container\" data-e-type=\"container\">\n\t\t\t\t\t<div class=\"e-con-inner\">\n\t\t<div class=\"elementor-element elementor-element-cefcdda e-con-full e-flex wpr-particle-no wpr-jarallax-no wpr-parallax-no wpr-sticky-section-no wpr-equal-height-no e-con e-child\" data-id=\"cefcdda\" data-element_type=\"container\" data-e-type=\"container\" data-settings=\"{&quot;background_background&quot;:&quot;classic&quot;}\">\n\t\t\t\t<div class=\"elementor-element elementor-element-f79cd56 elementor-widget elementor-widget-heading\" data-id=\"f79cd56\" data-element_type=\"widget\" data-e-type=\"widget\" data-widget_type=\"heading.default\">\n\t\t\t\t\t<h2 class=\"elementor-heading-title elementor-size-default\">Araban\u0131z\u0131 kolayca rezerve edin<\/h2>\t\t\t\t<\/div>\n\t\t\t\t<div class=\"elementor-element elementor-element-16ff67e elementor-widget elementor-widget-text-editor\" data-id=\"16ff67e\" data-element_type=\"widget\" data-e-type=\"widget\" data-widget_type=\"text-editor.default\">\n\t\t\t\t\t\t\t\t\t<p>Seyahatinizin detaylar\u0131n\u0131 belirtin, \u015earm El-\u015eeyh\u2019te size en uygun arac\u0131 en iyi hizmetle se\u00e7menize yard\u0131mc\u0131 olal\u0131m.<\/p>\t\t\t\t\t\t\t\t<\/div>\n\t\t\t\t<\/div>\n\t\t\t\t\t<\/div>\n\t\t\t\t<\/div>\n\t\t<div class=\"elementor-element elementor-element-04ad2ab e-flex e-con-boxed wpr-particle-no wpr-jarallax-no wpr-parallax-no wpr-sticky-section-no wpr-equal-height-no e-con e-parent\" data-id=\"04ad2ab\" data-element_type=\"container\" data-e-type=\"container\">\n\t\t\t\t\t<div class=\"e-con-inner\">\n\t\t\t\t<div class=\"elementor-element elementor-element-2386639 elementor-widget elementor-widget-shortcode\" data-id=\"2386639\" data-element_type=\"widget\" data-e-type=\"widget\" data-widget_type=\"shortcode.default\">\n\t\t\t\t\t\t\t<div class=\"elementor-shortcode\">    <section class=\"gobus-booking-wrapper\">\r\n      <div class=\"car-rental\">\r\n        <!-- Stepper -->\r\n        <div class=\"box\">\r\n          <div class=\"box-one\">\r\n            <ul class=\"stages\">\r\n              <li class=\"li-cont\" onclick=\"goStep(1)\">\r\n                <p class=\"stap stap-active\">1<\/p>\r\n                <h6 class=\"stap-text stap-text-active\">\u0628\u064a\u0627\u0646\u0627\u062a \u0627\u0644\u0631\u062d\u0644\u0629<\/h6>\r\n              <\/li>\r\n              <li class=\"li-cont\" onclick=\"goStep(2)\">\r\n                <p class=\"stap\">2<\/p>\r\n                <h6 class=\"stap-text\">\u0627\u062e\u062a\u064a\u0627\u0631 \u0627\u0644\u0633\u064a\u0627\u0631\u0629<\/h6>\r\n              <\/li>\r\n              <li class=\"li-cont\" onclick=\"goStep(3)\">\r\n                <p class=\"stap\">3<\/p>\r\n                <h6 class=\"stap-text\">\u062a\u0623\u0643\u064a\u062f<\/h6>\r\n              <\/li>\r\n            <\/ul>\r\n          <\/div>\r\n        <\/div>\r\n\r\n        <!-- Step 1: User Information -->\r\n        <div id=\"step-1\" class=\"step active\">\r\n          <div class=\"info-user\">\r\n            <div class=\"info-user-gap\">\r\n              <div class=\"box-input\">\r\n                <label class=\"label-text\">\u0627\u0644\u0627\u0633\u0645 \u0627\u0644\u0643\u0627\u0645\u0644<\/label>\r\n                <div class=\"input-with-icon\">\r\n                  <svg class=\"input-icon\" viewBox=\"0 0 24 24\" fill=\"none\" stroke=\"currentColor\" stroke-width=\"2\" stroke-linecap=\"round\" stroke-linejoin=\"round\"><path d=\"M20 21v-2a4 4 0 0 0-4-4H8a4 4 0 0 0-4 4v2\"><\/path><circle cx=\"12\" cy=\"7\" r=\"4\"><\/circle><\/svg>\r\n                  <input type=\"text\" class=\"input\" placeholder=\"\u0627\u062f\u062e\u0644 \u0627\u0633\u0645\u0643 \u0627\u0644\u062b\u0644\u0627\u062b\u064a\">\r\n                <\/div>\r\n              <\/div>\r\n              <div class=\"box-input\">\r\n                <label class=\"label-text\">\u0631\u0642\u0645 \u0627\u0644\u0647\u0627\u062a\u0641<\/label>\r\n                <div class=\"input-with-icon\">\r\n                  <svg class=\"input-icon\" viewBox=\"0 0 24 24\" fill=\"none\" stroke=\"currentColor\" stroke-width=\"2\" stroke-linecap=\"round\" stroke-linejoin=\"round\"><path d=\"M22 16.92v3a2 2 0 0 1-2.18 2 19.79 19.79 0 0 1-8.63-3.07 19.5 19.5 0 0 1-6-6 19.79 19.79 0 0 1-3.07-8.67A2 2 0 0 1 4.11 2h3a2 2 0 0 1 2 1.72 12.84 12.84 0 0 0 .7 2.81 2 2 0 0 1-.45 2.11L8.09 9.91a16 16 0 0 0 6 6l1.27-1.27a2 2 0 0 1 2.11-.45 12.84 12.84 0 0 0 2.81.7A2 2 0 0 1 22 16.92z\"><\/path><\/svg>\r\n                  <input type=\"tel\" class=\"input\" placeholder=\"\u0631\u0642\u0645 \u0627\u0644\u0647\u0627\u062a\u0641 \u0645\u062a\u0636\u0645\u0646\u0627\u064b \u0643\u0648\u062f \u0627\u0644\u062f\u0648\u0644\u0629 (\u0645\u062b\u0627\u0644: +905...)\">\r\n                <\/div>\r\n              <\/div>\r\n              <div class=\"box-input\">\r\n                <label class=\"label-text\">\u0645\u0646 \u0623\u064a\u0646 (\u0646\u0642\u0637\u0629 \u0627\u0644\u062a\u062d\u0631\u0643)<\/label>\r\n                <div class=\"input-with-icon\">\r\n                  <img decoding=\"async\" src=\"https:\/\/greentrip-eg.com\/wp-content\/plugins\/gobus-booking\/assets\/images\/icons\/My-Location.svg\" class=\"input-icon\" alt=\"\">\r\n                  <input type=\"text\" class=\"input\" placeholder=\"\u0645\u0643\u0627\u0646 \u0627\u0644\u062a\u0648\u0627\u062c\u062f \u0627\u0644\u062d\u0627\u0644\u064a\">\r\n                <\/div>\r\n              <\/div>\r\n              <div class=\"box-input\">\r\n                <label class=\"label-text\">\u0625\u0644\u0649 \u0623\u064a\u0646 (\u0627\u0644\u0648\u062c\u0647\u0629)<\/label>\r\n                <div class=\"input-with-icon\">\r\n                  <img decoding=\"async\" src=\"https:\/\/greentrip-eg.com\/wp-content\/plugins\/gobus-booking\/assets\/images\/icons\/My-Location.svg\" class=\"input-icon\" alt=\"\">\r\n                  <input type=\"text\" class=\"input\" placeholder=\"\u0627\u0644\u0645\u0643\u0627\u0646 \u0627\u0644\u0645\u0631\u0627\u062f \u0627\u0644\u0630\u0647\u0627\u0628 \u0627\u0644\u064a\u0647\">\r\n                <\/div>\r\n              <\/div>\r\n              <div class=\"counters-row\" style=\"justify-content: center; gap: 40px;\">\r\n                <div class=\"box-input\">\r\n                  <label class=\"label-text\">\u0627\u0644\u0628\u0627\u0644\u063a\u064a\u0646<\/label>\r\n                  <div class=\"counter-group\">\r\n                    <button type=\"button\" class=\"counter-btn\" onclick=\"updateCounter(this, -1, 1)\">-<\/button>\r\n                    <input type=\"text\" class=\"input counter-value\" value=\"1\" readonly>\r\n                    <button type=\"button\" class=\"counter-btn\" onclick=\"updateCounter(this, 1)\">+<\/button>\r\n                  <\/div>\r\n                <\/div>\r\n                <div class=\"box-input\">\r\n                  <label class=\"label-text\">\u0627\u0644\u0623\u0637\u0641\u0627\u0644<\/label>\r\n                  <div class=\"counter-group\">\r\n                    <button type=\"button\" class=\"counter-btn\" onclick=\"updateCounter(this, -1, 0)\">-<\/button>\r\n                    <input type=\"text\" class=\"input counter-value\" value=\"0\" readonly>\r\n                    <button type=\"button\" class=\"counter-btn\" onclick=\"updateCounter(this, 1)\">+<\/button>\r\n                  <\/div>\r\n                <\/div>\r\n              <\/div>\r\n            <\/div>\r\n            <div class=\"box-two\">\r\n              <button class=\"button\" onclick=\"goStep(1)\">\u0627\u0644\u0633\u0627\u0628\u0642<\/button>\r\n              <button class=\"button button-two\" onclick=\"goStep(2)\">\u0627\u0644\u062a\u0627\u0644\u064a<\/button>\r\n            <\/div>\r\n          <\/div>\r\n        <\/div>\r\n\r\n        <!-- Step 2: Car Selection -->\r\n        <div id=\"step-2\" class=\"step\">\r\n          <div class=\"cars-grid\" id=\"cars-grid\">\r\n            <!-- Car 1 -->\r\n            <div class=\"car-card\" onclick=\"selectCar(this, 0)\"\r\n              data-features='[{\"name\":\"\u062a\u0643\u064a\u064a\u0641\",\"icon\":\"https:\/\/greentrip-eg.com\/wp-content\/plugins\/gobus-booking\/assets\/images\/icons\/wind.svg\"},{\"name\":\"\u0645\u0633\u0627\u062d\u0629 \u0623\u0645\u062a\u0639\u0629\",\"icon\":\"https:\/\/greentrip-eg.com\/wp-content\/plugins\/gobus-booking\/assets\/images\/icons\/shopping-bag.svg\"},{\"name\":\"\u0645\u0642\u0627\u0639\u062f \u0645\u0631\u064a\u062d\u0629\",\"icon\":\"https:\/\/greentrip-eg.com\/wp-content\/plugins\/gobus-booking\/assets\/images\/icons\/material-symbols-light_chair-outline.svg\"},{\"name\":\"\u0633\u0627\u0626\u0642 \u0645\u062d\u062a\u0631\u0641\",\"icon\":\"https:\/\/greentrip-eg.com\/wp-content\/plugins\/gobus-booking\/assets\/images\/icons\/user-tick.svg\"}]'\r\n              style=\"background-image: url('https:\/\/greentrip-eg.com\/wp-content\/plugins\/gobus-booking\/assets\/images\/cars\/cc710af77ee32ecb2ee3a9af099d966d3d6e091f (1).jpg');\">\r\n              <div class=\"overlay\">\r\n                <h3 class=\"car-text-h3\">\u0633\u064a\u0627\u0631\u0629 \u0627\u0642\u062a\u0635\u0627\u062f\u064a\u0629<\/h3>\r\n                <span class=\"capacity-pill\"><img decoding=\"async\" class=\"arrow\"\r\n                    src=\"https:\/\/greentrip-eg.com\/wp-content\/plugins\/gobus-booking\/assets\/images\/icons\/arrow-up-right.svg\" alt=\"\">4 \u0631\u0643\u0627\u0628<\/span>\r\n              <\/div>\r\n            <\/div>\r\n            <!-- Car 2 -->\r\n            <div class=\"car-card\" onclick=\"selectCar(this, 1)\"\r\n              data-features='[{\"name\":\"\u062a\u0643\u064a\u064a\u0641\",\"icon\":\"https:\/\/greentrip-eg.com\/wp-content\/plugins\/gobus-booking\/assets\/images\/icons\/wind.svg\"},{\"name\":\"\u0645\u0633\u0627\u062d\u0629 \u0623\u0645\u062a\u0639\u0629\",\"icon\":\"https:\/\/greentrip-eg.com\/wp-content\/plugins\/gobus-booking\/assets\/images\/icons\/shopping-bag.svg\"},{\"name\":\"\u0645\u0642\u0627\u0639\u062f \u0645\u0631\u064a\u062d\u0629\",\"icon\":\"https:\/\/greentrip-eg.com\/wp-content\/plugins\/gobus-booking\/assets\/images\/icons\/material-symbols-light_chair-outline.svg\"},{\"name\":\"\u0633\u0627\u0626\u0642 \u0645\u062d\u062a\u0631\u0641\",\"icon\":\"https:\/\/greentrip-eg.com\/wp-content\/plugins\/gobus-booking\/assets\/images\/icons\/user-tick.svg\"}]'\r\n              style=\"background-image: url('https:\/\/greentrip-eg.com\/wp-content\/plugins\/gobus-booking\/assets\/images\/cars\/83622b2416b957f9b9505cb4609caea191b35eda.jpg');\">\r\n              <div class=\"overlay\">\r\n                <h3 class=\"car-text-h3\">\u0633\u064a\u0627\u0631\u0629 SUV<\/h3>\r\n                <span class=\"capacity-pill\"><img decoding=\"async\" class=\"arrow\"\r\n                    src=\"https:\/\/greentrip-eg.com\/wp-content\/plugins\/gobus-booking\/assets\/images\/icons\/arrow-up-right.svg\" alt=\"\">5 \u0631\u0643\u0627\u0628<\/span>\r\n              <\/div>\r\n            <\/div>\r\n            <!-- Car 3 -->\r\n            <div class=\"car-card\" onclick=\"selectCar(this, 2)\"\r\n              data-features='[{\"name\":\"\u062a\u0643\u064a\u064a\u0641\",\"icon\":\"https:\/\/greentrip-eg.com\/wp-content\/plugins\/gobus-booking\/assets\/images\/icons\/wind.svg\"},{\"name\":\"\u0645\u0633\u0627\u062d\u0629 \u0623\u0645\u062a\u0639\u0629\",\"icon\":\"https:\/\/greentrip-eg.com\/wp-content\/plugins\/gobus-booking\/assets\/images\/icons\/shopping-bag.svg\"},{\"name\":\"\u0645\u0642\u0627\u0639\u062f \u0645\u0631\u064a\u062d\u0629\",\"icon\":\"https:\/\/greentrip-eg.com\/wp-content\/plugins\/gobus-booking\/assets\/images\/icons\/material-symbols-light_chair-outline.svg\"},{\"name\":\"\u0633\u0627\u0626\u0642 \u0645\u062d\u062a\u0631\u0641\",\"icon\":\"https:\/\/greentrip-eg.com\/wp-content\/plugins\/gobus-booking\/assets\/images\/icons\/user-tick.svg\"}]'\r\n              style=\"background-image: url('https:\/\/greentrip-eg.com\/wp-content\/plugins\/gobus-booking\/assets\/images\/cars\/fb8d33240516153d69b116822366775b951f1beb.jpg');\">\r\n              <div class=\"overlay\">\r\n                <h3 class=\"car-text-h3\">\u0641\u0627\u0646 \u0639\u0627\u0626\u0644\u064a<\/h3>\r\n                <span class=\"capacity-pill\"><img decoding=\"async\" class=\"arrow\"\r\n                    src=\"https:\/\/greentrip-eg.com\/wp-content\/plugins\/gobus-booking\/assets\/images\/icons\/arrow-up-right.svg\" alt=\"\">8 \u0631\u0643\u0627\u0628<\/span>\r\n              <\/div>\r\n            <\/div>\r\n            <!-- Car 4 -->\r\n            <div class=\"car-card\" onclick=\"selectCar(this, 3)\"\r\n              data-features='[{\"name\":\"\u062a\u0643\u064a\u064a\u0641\",\"icon\":\"https:\/\/greentrip-eg.com\/wp-content\/plugins\/gobus-booking\/assets\/images\/icons\/wind.svg\"},{\"name\":\"\u0645\u0633\u0627\u062d\u0629 \u0623\u0645\u062a\u0639\u0629\",\"icon\":\"https:\/\/greentrip-eg.com\/wp-content\/plugins\/gobus-booking\/assets\/images\/icons\/shopping-bag.svg\"},{\"name\":\"\u0645\u0642\u0627\u0639\u062f \u0645\u0631\u064a\u062d\u0629\",\"icon\":\"https:\/\/greentrip-eg.com\/wp-content\/plugins\/gobus-booking\/assets\/images\/icons\/material-symbols-light_chair-outline.svg\"},{\"name\":\"\u0633\u0627\u0626\u0642 \u0645\u062d\u062a\u0631\u0641\",\"icon\":\"https:\/\/greentrip-eg.com\/wp-content\/plugins\/gobus-booking\/assets\/images\/icons\/user-tick.svg\"}]'\r\n              style=\"background-image: url('https:\/\/greentrip-eg.com\/wp-content\/plugins\/gobus-booking\/assets\/images\/cars\/f75e83278d223acb772aa2ebdcf3705bfb05f23c.jpg');\">\r\n              <div class=\"overlay\">\r\n                <h3 class=\"car-text-h3\">\u0628\u0627\u0635 \u0635\u063a\u064a\u0631<\/h3>\r\n                <span class=\"capacity-pill\"><img decoding=\"async\" class=\"arrow\"\r\n                    src=\"https:\/\/greentrip-eg.com\/wp-content\/plugins\/gobus-booking\/assets\/images\/icons\/arrow-up-right.svg\" alt=\"\">15 \u0631\u0643\u0627\u0628<\/span>\r\n              <\/div>\r\n            <\/div>\r\n          <\/div>\r\n\r\n\r\n          <div class=\"box-two\">\r\n            <button class=\"button\" onclick=\"goStep(1)\">\u0627\u0644\u0633\u0627\u0628\u0642<\/button>\r\n            <button class=\"button button-two\" onclick=\"goStep(3)\">\u0627\u0644\u062a\u0627\u0644\u064a<\/button>\r\n          <\/div>\r\n        <\/div>\r\n\r\n        <!-- Step 3: Confirmation -->\r\n        <div id=\"step-3\" class=\"step\">\r\n          <div class=\"step3-container\">\r\n            <button class=\"step3-summary-btn\" id=\"toggle-summary-btn\">\u0645\u0644\u062e\u0635 \u0627\u0644\u062d\u062c\u0632<\/button>\r\n            <h4 class=\"step3-subtitle\">\u064a\u0631\u062c\u0649 \u0645\u0631\u0627\u062c\u0639\u0629 \u0627\u0644\u0628\u064a\u0627\u0646\u0627\u062a \u0642\u0628\u0644 \u0627\u0644\u062a\u0623\u0643\u064a\u062f<\/h4>\r\n            <div class=\"step3-trip-details\">\r\n              <div id=\"confirmation-message\" class=\"confirmation-message\">\r\n                <div class=\"confirmation-icon\">\r\n                  <div class=\"confirmation-bg-icon\">\u2713<\/div>\r\n                <\/div>\r\n                <h2 class=\"confirmation-title\">\u062a\u0645 \u062a\u0623\u0643\u064a\u062f \u062d\u062c\u0632\u0643<\/h2>\r\n                <p class=\"confirmation-text\">\u0634\u0643\u0631\u0627\u064b \u0644\u0643 \u0639\u0644\u0649 \u0627\u062e\u062a\u064a\u0627\u0631\u0643 \u0644\u062e\u062f\u0645\u062a\u0646\u0627\u060c \u062a\u0643\u0644\u0641\u0629 \u0647\u0630\u0647 \u0627\u0644\u0631\u062d\u0644\u0629 \u0647\u064a <strong>20$<\/strong>. \u0633\u064a\u062a\u0645 \u0627\u0644\u062a\u0648\u0627\u0635\u0644 \u0645\u0639\u0643 \u0642\u0631\u064a\u0628\u0627\u064b.<\/p>\r\n              <\/div>\r\n              <div class=\"trip-details-content\">\r\n                <div class=\"step3-dsp\">\r\n                  <div class=\"step-cal\"><\/div>\r\n                  <h4 class=\"step3-detail-title\" id=\"car-name\">\u0627\u062e\u062a\u0631 \u0633\u064a\u0627\u0631\u0629<\/h4>\r\n                <\/div>\r\n                <div class=\"container-icon\" id=\"dynamic-features-container\"><\/div>\r\n                <div class=\"step3-dsp\">\r\n                  <div class=\"step-cal\"><\/div>\r\n                  <h4 class=\"step3-detail-title\">\u062a\u0641\u0627\u0635\u064a\u0644 \u0627\u0644\u0631\u062d\u0644\u0629<\/h4>\r\n                <\/div>\r\n                <div id=\"step3-data-container\" class=\"step3-detail-grid\"><\/div>\r\n              <\/div>\r\n            <\/div>\r\n            <div class=\"step3-buttons\" id=\"action-buttons\">\r\n              <button class=\"button\" onclick=\"goStep(2)\">\u0627\u0644\u0633\u0627\u0628\u0642<\/button>\r\n              <button class=\"button button-two\" onclick=\"confirmBooking()\">\u062a\u0623\u0643\u064a\u062f \u0627\u0644\u062d\u062c\u0632<\/button>\r\n            <\/div>\r\n            <div id=\"reset-button-container\" style=\"display: none; text-align: center; margin-top: 30px;\">\r\n              <button class=\"button button-two\" onclick=\"resetForm()\" style=\"width: 300px; margin: 0 auto;\">\u0627\u0644\u0639\u0648\u062f\u0629\r\n                \u0644\u0644\u0628\u062f\u0627\u064a\u0629<\/button>\r\n            <\/div>\r\n          <\/div>\r\n        <\/div>\r\n      <\/div>\r\n    <\/section>\r\n    <\/div>\n\t\t\t\t\t\t<\/div>\n\t\t\t\t\t<\/div>\n\t\t\t\t<\/div>\n\t\t\t\t<\/div>\n\t\t","protected":false},"excerpt":{"rendered":"<p>Araban\u0131z\u0131 kolayca rezerve edin Seyahatinizin detaylar\u0131n\u0131 belirtin, \u015earm El-\u015eeyh\u2019te size en uygun arac\u0131 en iyi hizmetle se\u00e7menize yard\u0131mc\u0131 olal\u0131m.<\/p>\n","protected":false},"author":1,"featured_media":0,"parent":0,"menu_order":0,"comment_status":"closed","ping_status":"closed","template":"elementor_header_footer","meta":{"_acf_changed":false,"site-sidebar-layout":"no-sidebar","site-content-layout":"","ast-site-content-layout":"full-width-container","site-content-style":"default","site-sidebar-style":"default","ast-global-header-display":"","ast-banner-title-visibility":"","ast-main-header-display":"","ast-hfb-above-header-display":"","ast-hfb-below-header-display":"","ast-hfb-mobile-header-display":"","site-post-title":"","ast-breadcrumbs-content":"","ast-featured-img":"disabled","footer-sml-layout":"","ast-disable-related-posts":"","theme-transparent-header-meta":"default","adv-header-id-meta":"","stick-header-meta":"","header-above-stick-meta":"","header-main-stick-meta":"","header-below-stick-meta":"","astra-migrate-meta-layouts":"default","ast-page-background-enabled":"default","ast-page-background-meta":{"desktop":{"background-color":"var(--ast-global-color-5)","background-image":"","background-repeat":"repeat","background-position":"center center","background-size":"auto","background-attachment":"scroll","background-type":"","background-media":"","overlay-type":"","overlay-color":"","overlay-opacity":"","overlay-gradient":""},"tablet":{"background-color":"","background-image":"","background-repeat":"repeat","background-position":"center center","background-size":"auto","background-attachment":"scroll","background-type":"","background-media":"","overlay-type":"","overlay-color":"","overlay-opacity":"","overlay-gradient":""},"mobile":{"background-color":"","background-image":"","background-repeat":"repeat","background-position":"center center","background-size":"auto","background-attachment":"scroll","background-type":"","background-media":"","overlay-type":"","overlay-color":"","overlay-opacity":"","overlay-gradient":""}},"ast-content-background-meta":{"desktop":{"background-color":"var(--ast-global-color-4)","background-image":"","background-repeat":"repeat","background-position":"center center","background-size":"auto","background-attachment":"scroll","background-type":"","background-media":"","overlay-type":"","overlay-color":"","overlay-opacity":"","overlay-gradient":""},"tablet":{"background-color":"var(--ast-global-color-4)","background-image":"","background-repeat":"repeat","background-position":"center center","background-size":"auto","background-attachment":"scroll","background-type":"","background-media":"","overlay-type":"","overlay-color":"","overlay-opacity":"","overlay-gradient":""},"mobile":{"background-color":"var(--ast-global-color-4)","background-image":"","background-repeat":"repeat","background-position":"center center","background-size":"auto","background-attachment":"scroll","background-type":"","background-media":"","overlay-type":"","overlay-color":"","overlay-opacity":"","overlay-gradient":""}},"footnotes":""},"class_list":["post-2121","page","type-page","status-publish","hentry"],"acf":[],"rttpg_featured_image_url":null,"rttpg_author":{"display_name":"nashostinger@gmail.com","author_link":"https:\/\/greentrip-eg.com\/tr\/author\/nashostingergmail-com\/"},"rttpg_comment":0,"rttpg_category":false,"rttpg_excerpt":"Araban\u0131z\u0131 kolayca rezerve edin Seyahatinizin detaylar\u0131n\u0131 belirtin, \u015earm El-\u015eeyh\u2019te size en uygun arac\u0131 en iyi hizmetle se\u00e7menize yard\u0131mc\u0131 olal\u0131m.","_links":{"self":[{"href":"https:\/\/greentrip-eg.com\/tr\/wp-json\/wp\/v2\/pages\/2121","targetHints":{"allow":["GET"]}}],"collection":[{"href":"https:\/\/greentrip-eg.com\/tr\/wp-json\/wp\/v2\/pages"}],"about":[{"href":"https:\/\/greentrip-eg.com\/tr\/wp-json\/wp\/v2\/types\/page"}],"author":[{"embeddable":true,"href":"https:\/\/greentrip-eg.com\/tr\/wp-json\/wp\/v2\/users\/1"}],"replies":[{"embeddable":true,"href":"https:\/\/greentrip-eg.com\/tr\/wp-json\/wp\/v2\/comments?post=2121"}],"version-history":[{"count":1,"href":"https:\/\/greentrip-eg.com\/tr\/wp-json\/wp\/v2\/pages\/2121\/revisions"}],"predecessor-version":[{"id":2122,"href":"https:\/\/greentrip-eg.com\/tr\/wp-json\/wp\/v2\/pages\/2121\/revisions\/2122"}],"wp:attachment":[{"href":"https:\/\/greentrip-eg.com\/tr\/wp-json\/wp\/v2\/media?parent=2121"}],"curies":[{"name":"wp","href":"https:\/\/api.w.org\/{rel}","templated":true}]}}