{"id":2707,"date":"2026-03-22T16:52:27","date_gmt":"2026-03-22T16:52:27","guid":{"rendered":"https:\/\/greentrip-eg.com\/product\/renkli-kanyon-ve-mavi-delik-coloured-canyon-blue-hole\/"},"modified":"2026-03-22T16:52:27","modified_gmt":"2026-03-22T16:52:27","slug":"renkli-kanyon-ve-mavi-delik-coloured-canyon-blue-hole","status":"publish","type":"product","link":"https:\/\/greentrip-eg.com\/tr\/urun\/renkli-kanyon-ve-mavi-delik-coloured-canyon-blue-hole\/","title":{"rendered":"Renkli Kanyon ve Mavi Delik (Coloured Canyon &amp; Blue Hole)<br>"},"content":{"rendered":"","protected":false},"excerpt":{"rendered":"<p data-start=\"165\" data-end=\"537\">\u015earm El-\u015eeyh\u2019ten macera ve do\u011fal g\u00fczelliklerle dolu bir yolculu\u011fa \u00e7\u0131k\u0131n. Renkli \u201cSalama\u201d Vadisi\u2019ne do\u011fru jeep safari ile kum tepeleri aras\u0131nda heyecan dolu bir s\u00fcr\u00fc\u015f\u00fcn keyfini \u00e7\u0131kar\u0131n ve dar kanyonun i\u00e7inde y\u00fcr\u00fcy\u00fc\u015f yaparken Bedevi \u00e7ay\u0131 i\u00e7erek otantik bir deneyim ya\u015fay\u0131n.<br \/>Ard\u0131ndan Dahab \u015fehrine ge\u00e7erek sahil boyunca deveye binin, \u201cBlue Hole\u201d (Mavi Delik) Milli Park\u0131\u2019nda y\u00fczmenin tad\u0131n\u0131 \u00e7\u0131kar\u0131n ve \u00f6\u011fle yeme\u011finizi al\u0131n. G\u00fcn\u00fcn sonunda al\u0131\u015fveri\u015f i\u00e7in serbest zaman\u0131n ard\u0131ndan \u015earm El-\u015eeyh\u2019e d\u00f6n\u00fc\u015f.     <\/p>\n<p data-start=\"539\" data-end=\"568\">\n","protected":false},"featured_media":0,"comment_status":"open","ping_status":"closed","template":"","meta":{"_acf_changed":false,"site-sidebar-layout":"default","site-content-layout":"","ast-site-content-layout":"default","site-content-style":"default","site-sidebar-style":"default","ast-global-header-display":"","ast-banner-title-visibility":"","ast-main-header-display":"","ast-hfb-above-header-display":"","ast-hfb-below-header-display":"","ast-hfb-mobile-header-display":"","site-post-title":"","ast-breadcrumbs-content":"","ast-featured-img":"","footer-sml-layout":"","ast-disable-related-posts":"","theme-transparent-header-meta":"default","adv-header-id-meta":"","stick-header-meta":"","header-above-stick-meta":"","header-main-stick-meta":"","header-below-stick-meta":"","astra-migrate-meta-layouts":"default","ast-page-background-enabled":"default","ast-page-background-meta":{"desktop":{"background-color":"var(--ast-global-color-5)","background-image":"","background-repeat":"repeat","background-position":"center center","background-size":"auto","background-attachment":"scroll","background-type":"","background-media":"","overlay-type":"","overlay-color":"","overlay-opacity":"","overlay-gradient":""},"tablet":{"background-color":"","background-image":"","background-repeat":"repeat","background-position":"center center","background-size":"auto","background-attachment":"scroll","background-type":"","background-media":"","overlay-type":"","overlay-color":"","overlay-opacity":"","overlay-gradient":""},"mobile":{"background-color":"","background-image":"","background-repeat":"repeat","background-position":"center center","background-size":"auto","background-attachment":"scroll","background-type":"","background-media":"","overlay-type":"","overlay-color":"","overlay-opacity":"","overlay-gradient":""}},"ast-content-background-meta":{"desktop":{"background-color":"var(--ast-global-color-4)","background-image":"","background-repeat":"repeat","background-position":"center center","background-size":"auto","background-attachment":"scroll","background-type":"","background-media":"","overlay-type":"","overlay-color":"","overlay-opacity":"","overlay-gradient":""},"tablet":{"background-color":"var(--ast-global-color-4)","background-image":"","background-repeat":"repeat","background-position":"center center","background-size":"auto","background-attachment":"scroll","background-type":"","background-media":"","overlay-type":"","overlay-color":"","overlay-opacity":"","overlay-gradient":""},"mobile":{"background-color":"var(--ast-global-color-4)","background-image":"","background-repeat":"repeat","background-position":"center center","background-size":"auto","background-attachment":"scroll","background-type":"","background-media":"","overlay-type":"","overlay-color":"","overlay-opacity":"","overlay-gradient":""}}},"product_brand":[],"product_cat":[79],"product_tag":[],"class_list":{"0":"post-2707","1":"product","2":"type-product","3":"status-publish","5":"product_cat-turizm","6":"desktop-align-left","7":"tablet-align-left","8":"mobile-align-left","10":"first","11":"instock","12":"sale","13":"sold-individually","14":"shipping-taxable","15":"purchasable","16":"product-type-simple"},"acf":[],"_links":{"self":[{"href":"https:\/\/greentrip-eg.com\/tr\/wp-json\/wp\/v2\/product\/2707","targetHints":{"allow":["GET"]}}],"collection":[{"href":"https:\/\/greentrip-eg.com\/tr\/wp-json\/wp\/v2\/product"}],"about":[{"href":"https:\/\/greentrip-eg.com\/tr\/wp-json\/wp\/v2\/types\/product"}],"replies":[{"embeddable":true,"href":"https:\/\/greentrip-eg.com\/tr\/wp-json\/wp\/v2\/comments?post=2707"}],"wp:attachment":[{"href":"https:\/\/greentrip-eg.com\/tr\/wp-json\/wp\/v2\/media?parent=2707"}],"wp:term":[{"taxonomy":"product_brand","embeddable":true,"href":"https:\/\/greentrip-eg.com\/tr\/wp-json\/wp\/v2\/product_brand?post=2707"},{"taxonomy":"product_cat","embeddable":true,"href":"https:\/\/greentrip-eg.com\/tr\/wp-json\/wp\/v2\/product_cat?post=2707"},{"taxonomy":"product_tag","embeddable":true,"href":"https:\/\/greentrip-eg.com\/tr\/wp-json\/wp\/v2\/product_tag?post=2707"}],"curies":[{"name":"wp","href":"https:\/\/api.w.org\/{rel}","templated":true}]}}