{"id":2711,"date":"2026-03-22T16:52:22","date_gmt":"2026-03-22T16:52:22","guid":{"rendered":"https:\/\/greentrip-eg.com\/product\/resif-mercanlari-ile-snorkelle-dalis-otobusle-ras-muhammed-milli-parkina\/"},"modified":"2026-03-22T16:52:22","modified_gmt":"2026-03-22T16:52:22","slug":"resif-mercanlari-ile-snorkelle-dalis-otobusle-ras-muhammed-milli-parkina","status":"publish","type":"product","link":"https:\/\/greentrip-eg.com\/tr\/urun\/resif-mercanlari-ile-snorkelle-dalis-otobusle-ras-muhammed-milli-parkina\/","title":{"rendered":"Resif Mercanlar\u0131 ile \u015fnorkelle dal\u0131\u015f (otob\u00fcsle Ras Muhammed Milli Park\u0131\u2019na)<br><br>"},"content":{"rendered":"","protected":false},"excerpt":{"rendered":"<p data-start=\"138\" data-end=\"451\">Ras Muhammed Milli Park\u0131\u2019na d\u00fczenlenen g\u00fcnl\u00fck bir gezi ile muhte\u015fem do\u011fal manzaralar\u0131 ke\u015ffedin. Allah Kap\u0131s\u0131, nadir mangrov a\u011fa\u00e7lar\u0131n\u0131n bulundu\u011fu ada, eski deprem \u00e7atlaklar\u0131 ve b\u00fcy\u00fcleyici lag\u00fcn gibi e\u015fsiz noktalar\u0131 g\u00f6rme f\u0131rsat\u0131 yakalay\u0131n.<br \/>Burada yapaca\u011f\u0131n\u0131z dal\u0131\u015f ve \u015fnorkelle y\u00fczme, berrak sularda reng\u00e2renk mercan resiflerini ve \u00e7e\u015fitli bal\u0131klar\u0131 g\u00f6zlemleme imk\u00e2n\u0131 sunar. Tura, t\u00fcm deneyim boyunca size e\u015flik eden uzman bir rehber e\u015flik eder.     <\/p>\n<p data-start=\"453\" data-end=\"482\">\n","protected":false},"featured_media":0,"comment_status":"open","ping_status":"closed","template":"","meta":{"_acf_changed":false,"site-sidebar-layout":"default","site-content-layout":"","ast-site-content-layout":"default","site-content-style":"default","site-sidebar-style":"default","ast-global-header-display":"","ast-banner-title-visibility":"","ast-main-header-display":"","ast-hfb-above-header-display":"","ast-hfb-below-header-display":"","ast-hfb-mobile-header-display":"","site-post-title":"","ast-breadcrumbs-content":"","ast-featured-img":"","footer-sml-layout":"","ast-disable-related-posts":"","theme-transparent-header-meta":"default","adv-header-id-meta":"","stick-header-meta":"","header-above-stick-meta":"","header-main-stick-meta":"","header-below-stick-meta":"","astra-migrate-meta-layouts":"default","ast-page-background-enabled":"default","ast-page-background-meta":{"desktop":{"background-color":"var(--ast-global-color-5)","background-image":"","background-repeat":"repeat","background-position":"center center","background-size":"auto","background-attachment":"scroll","background-type":"","background-media":"","overlay-type":"","overlay-color":"","overlay-opacity":"","overlay-gradient":""},"tablet":{"background-color":"","background-image":"","background-repeat":"repeat","background-position":"center center","background-size":"auto","background-attachment":"scroll","background-type":"","background-media":"","overlay-type":"","overlay-color":"","overlay-opacity":"","overlay-gradient":""},"mobile":{"background-color":"","background-image":"","background-repeat":"repeat","background-position":"center center","background-size":"auto","background-attachment":"scroll","background-type":"","background-media":"","overlay-type":"","overlay-color":"","overlay-opacity":"","overlay-gradient":""}},"ast-content-background-meta":{"desktop":{"background-color":"var(--ast-global-color-4)","background-image":"","background-repeat":"repeat","background-position":"center center","background-size":"auto","background-attachment":"scroll","background-type":"","background-media":"","overlay-type":"","overlay-color":"","overlay-opacity":"","overlay-gradient":""},"tablet":{"background-color":"var(--ast-global-color-4)","background-image":"","background-repeat":"repeat","background-position":"center center","background-size":"auto","background-attachment":"scroll","background-type":"","background-media":"","overlay-type":"","overlay-color":"","overlay-opacity":"","overlay-gradient":""},"mobile":{"background-color":"var(--ast-global-color-4)","background-image":"","background-repeat":"repeat","background-position":"center center","background-size":"auto","background-attachment":"scroll","background-type":"","background-media":"","overlay-type":"","overlay-color":"","overlay-opacity":"","overlay-gradient":""}}},"product_brand":[],"product_cat":[80],"product_tag":[],"class_list":{"0":"post-2711","1":"product","2":"type-product","3":"status-publish","5":"product_cat----snorkelle-dalis","6":"desktop-align-left","7":"tablet-align-left","8":"mobile-align-left","10":"first","11":"instock","12":"sale","13":"sold-individually","14":"shipping-taxable","15":"purchasable","16":"product-type-simple"},"acf":[],"_links":{"self":[{"href":"https:\/\/greentrip-eg.com\/tr\/wp-json\/wp\/v2\/product\/2711","targetHints":{"allow":["GET"]}}],"collection":[{"href":"https:\/\/greentrip-eg.com\/tr\/wp-json\/wp\/v2\/product"}],"about":[{"href":"https:\/\/greentrip-eg.com\/tr\/wp-json\/wp\/v2\/types\/product"}],"replies":[{"embeddable":true,"href":"https:\/\/greentrip-eg.com\/tr\/wp-json\/wp\/v2\/comments?post=2711"}],"wp:attachment":[{"href":"https:\/\/greentrip-eg.com\/tr\/wp-json\/wp\/v2\/media?parent=2711"}],"wp:term":[{"taxonomy":"product_brand","embeddable":true,"href":"https:\/\/greentrip-eg.com\/tr\/wp-json\/wp\/v2\/product_brand?post=2711"},{"taxonomy":"product_cat","embeddable":true,"href":"https:\/\/greentrip-eg.com\/tr\/wp-json\/wp\/v2\/product_cat?post=2711"},{"taxonomy":"product_tag","embeddable":true,"href":"https:\/\/greentrip-eg.com\/tr\/wp-json\/wp\/v2\/product_tag?post=2711"}],"curies":[{"name":"wp","href":"https:\/\/api.w.org\/{rel}","templated":true}]}}