{"id":2726,"date":"2026-03-22T16:52:06","date_gmt":"2026-03-22T16:52:06","guid":{"rendered":"https:\/\/greentrip-eg.com\/product\/dortlu-atv-quad-safari-deve-gezintisi-ve-bedevi-aksam-yemegi-turu-%f0%9f%91%8d\/"},"modified":"2026-03-22T16:52:06","modified_gmt":"2026-03-22T16:52:06","slug":"dortlu-atv-quad-safari-deve-gezintisi-ve-bedevi-aksam-yemegi-turu-%f0%9f%91%8d","status":"publish","type":"product","link":"https:\/\/greentrip-eg.com\/tr\/urun\/dortlu-atv-quad-safari-deve-gezintisi-ve-bedevi-aksam-yemegi-turu-%f0%9f%91%8d\/","title":{"rendered":"D\u00f6rtl\u00fc ATV (quad) safari, deve gezintisi ve Bedevi ak\u015fam yeme\u011fi turu \ud83d\udc4d<br><br>"},"content":{"rendered":"","protected":false},"excerpt":{"rendered":"<p data-start=\"168\" data-end=\"394\">Sina \u00c7\u00f6l\u00fc\u2019nde macera dolu bir g\u00fcn\u00fcn keyfini \u00e7\u0131kar\u0131n. ATV (quad) s\u00fcr\u00fc\u015f\u00fc yapabilir, deveye binebilir ve geleneksel Bedevi ya\u015fam\u0131n\u0131 yak\u0131ndan tan\u0131yabilirsiniz. G\u00fcn\u00fcn sonunda, \u00e7\u00f6l da\u011flar\u0131 aras\u0131nda oryantal dans ve ate\u015f g\u00f6sterileri e\u015fli\u011finde \u00fcnl\u00fc bir Bedevi ak\u015fam yeme\u011fi ile g\u00fcn\u00fc tamamlay\u0131n.    <\/p>\n<p data-start=\"396\" data-end=\"425\">\n","protected":false},"featured_media":0,"comment_status":"open","ping_status":"closed","template":"","meta":{"_acf_changed":false,"site-sidebar-layout":"default","site-content-layout":"","ast-site-content-layout":"default","site-content-style":"default","site-sidebar-style":"default","ast-global-header-display":"","ast-banner-title-visibility":"","ast-main-header-display":"","ast-hfb-above-header-display":"","ast-hfb-below-header-display":"","ast-hfb-mobile-header-display":"","site-post-title":"","ast-breadcrumbs-content":"","ast-featured-img":"","footer-sml-layout":"","ast-disable-related-posts":"","theme-transparent-header-meta":"default","adv-header-id-meta":"","stick-header-meta":"","header-above-stick-meta":"","header-main-stick-meta":"","header-below-stick-meta":"","astra-migrate-meta-layouts":"default","ast-page-background-enabled":"default","ast-page-background-meta":{"desktop":{"background-color":"var(--ast-global-color-5)","background-image":"","background-repeat":"repeat","background-position":"center center","background-size":"auto","background-attachment":"scroll","background-type":"","background-media":"","overlay-type":"","overlay-color":"","overlay-opacity":"","overlay-gradient":""},"tablet":{"background-color":"","background-image":"","background-repeat":"repeat","background-position":"center center","background-size":"auto","background-attachment":"scroll","background-type":"","background-media":"","overlay-type":"","overlay-color":"","overlay-opacity":"","overlay-gradient":""},"mobile":{"background-color":"","background-image":"","background-repeat":"repeat","background-position":"center center","background-size":"auto","background-attachment":"scroll","background-type":"","background-media":"","overlay-type":"","overlay-color":"","overlay-opacity":"","overlay-gradient":""}},"ast-content-background-meta":{"desktop":{"background-color":"var(--ast-global-color-4)","background-image":"","background-repeat":"repeat","background-position":"center center","background-size":"auto","background-attachment":"scroll","background-type":"","background-media":"","overlay-type":"","overlay-color":"","overlay-opacity":"","overlay-gradient":""},"tablet":{"background-color":"var(--ast-global-color-4)","background-image":"","background-repeat":"repeat","background-position":"center center","background-size":"auto","background-attachment":"scroll","background-type":"","background-media":"","overlay-type":"","overlay-color":"","overlay-opacity":"","overlay-gradient":""},"mobile":{"background-color":"var(--ast-global-color-4)","background-image":"","background-repeat":"repeat","background-position":"center center","background-size":"auto","background-attachment":"scroll","background-type":"","background-media":"","overlay-type":"","overlay-color":"","overlay-opacity":"","overlay-gradient":""}}},"product_brand":[],"product_cat":[81],"product_tag":[],"class_list":{"0":"post-2726","1":"product","2":"type-product","3":"status-publish","5":"product_cat-safari","6":"desktop-align-left","7":"tablet-align-left","8":"mobile-align-left","10":"first","11":"instock","12":"sale","13":"sold-individually","14":"shipping-taxable","15":"purchasable","16":"product-type-simple"},"acf":[],"_links":{"self":[{"href":"https:\/\/greentrip-eg.com\/tr\/wp-json\/wp\/v2\/product\/2726","targetHints":{"allow":["GET"]}}],"collection":[{"href":"https:\/\/greentrip-eg.com\/tr\/wp-json\/wp\/v2\/product"}],"about":[{"href":"https:\/\/greentrip-eg.com\/tr\/wp-json\/wp\/v2\/types\/product"}],"replies":[{"embeddable":true,"href":"https:\/\/greentrip-eg.com\/tr\/wp-json\/wp\/v2\/comments?post=2726"}],"wp:attachment":[{"href":"https:\/\/greentrip-eg.com\/tr\/wp-json\/wp\/v2\/media?parent=2726"}],"wp:term":[{"taxonomy":"product_brand","embeddable":true,"href":"https:\/\/greentrip-eg.com\/tr\/wp-json\/wp\/v2\/product_brand?post=2726"},{"taxonomy":"product_cat","embeddable":true,"href":"https:\/\/greentrip-eg.com\/tr\/wp-json\/wp\/v2\/product_cat?post=2726"},{"taxonomy":"product_tag","embeddable":true,"href":"https:\/\/greentrip-eg.com\/tr\/wp-json\/wp\/v2\/product_tag?post=2726"}],"curies":[{"name":"wp","href":"https:\/\/api.w.org\/{rel}","templated":true}]}}