{"id":2736,"date":"2026-03-22T16:51:51","date_gmt":"2026-03-22T16:51:51","guid":{"rendered":"https:\/\/greentrip-eg.com\/product\/bedevi-safari-turu-ve-yildiz-gozlemi\/"},"modified":"2026-03-22T16:51:51","modified_gmt":"2026-03-22T16:51:51","slug":"bedevi-safari-turu-ve-yildiz-gozlemi","status":"publish","type":"product","link":"https:\/\/greentrip-eg.com\/tr\/urun\/bedevi-safari-turu-ve-yildiz-gozlemi\/","title":{"rendered":"Bedevi safari turu ve y\u0131ld\u0131z g\u00f6zlemi"},"content":{"rendered":"","protected":false},"excerpt":{"rendered":"<p data-start=\"146\" data-end=\"412\">\u015earm El-\u015eeyh\u2019in \u015fehir g\u00fcr\u00fclt\u00fcs\u00fcnden uzakla\u015f\u0131p \u00e7\u00f6l\u00fcn huzuruna ka\u00e7\u0131n ve Bedevi ya\u015fam\u0131n\u0131 deneyimleyin. Deveye binme ve g\u00fcn bat\u0131m\u0131n\u0131 izleme keyfi ya\u015farken, \u00e7\u00f6lde a\u00e7\u0131k b\u00fcfe \u015feklinde Bedevi ak\u015fam yeme\u011finin tad\u0131n\u0131 \u00e7\u0131kar\u0131n. Ate\u015f g\u00f6sterilerinin ard\u0131ndan teleskoplar ile y\u0131ld\u0131zlar\u0131 ve gezegenleri g\u00f6zlemleyebilir, astronomik olaylar\u0131 foto\u011fraflama f\u0131rsat\u0131 bulabilirsiniz.    <\/p>\n<p data-start=\"414\" data-end=\"443\">\n","protected":false},"featured_media":0,"comment_status":"open","ping_status":"closed","template":"","meta":{"_acf_changed":false,"site-sidebar-layout":"default","site-content-layout":"","ast-site-content-layout":"default","site-content-style":"default","site-sidebar-style":"default","ast-global-header-display":"","ast-banner-title-visibility":"","ast-main-header-display":"","ast-hfb-above-header-display":"","ast-hfb-below-header-display":"","ast-hfb-mobile-header-display":"","site-post-title":"","ast-breadcrumbs-content":"","ast-featured-img":"","footer-sml-layout":"","ast-disable-related-posts":"","theme-transparent-header-meta":"default","adv-header-id-meta":"","stick-header-meta":"","header-above-stick-meta":"","header-main-stick-meta":"","header-below-stick-meta":"","astra-migrate-meta-layouts":"default","ast-page-background-enabled":"default","ast-page-background-meta":{"desktop":{"background-color":"var(--ast-global-color-5)","background-image":"","background-repeat":"repeat","background-position":"center center","background-size":"auto","background-attachment":"scroll","background-type":"","background-media":"","overlay-type":"","overlay-color":"","overlay-opacity":"","overlay-gradient":""},"tablet":{"background-color":"","background-image":"","background-repeat":"repeat","background-position":"center center","background-size":"auto","background-attachment":"scroll","background-type":"","background-media":"","overlay-type":"","overlay-color":"","overlay-opacity":"","overlay-gradient":""},"mobile":{"background-color":"","background-image":"","background-repeat":"repeat","background-position":"center center","background-size":"auto","background-attachment":"scroll","background-type":"","background-media":"","overlay-type":"","overlay-color":"","overlay-opacity":"","overlay-gradient":""}},"ast-content-background-meta":{"desktop":{"background-color":"var(--ast-global-color-4)","background-image":"","background-repeat":"repeat","background-position":"center center","background-size":"auto","background-attachment":"scroll","background-type":"","background-media":"","overlay-type":"","overlay-color":"","overlay-opacity":"","overlay-gradient":""},"tablet":{"background-color":"var(--ast-global-color-4)","background-image":"","background-repeat":"repeat","background-position":"center center","background-size":"auto","background-attachment":"scroll","background-type":"","background-media":"","overlay-type":"","overlay-color":"","overlay-opacity":"","overlay-gradient":""},"mobile":{"background-color":"var(--ast-global-color-4)","background-image":"","background-repeat":"repeat","background-position":"center center","background-size":"auto","background-attachment":"scroll","background-type":"","background-media":"","overlay-type":"","overlay-color":"","overlay-opacity":"","overlay-gradient":""}}},"product_brand":[],"product_cat":[81],"product_tag":[],"class_list":{"0":"post-2736","1":"product","2":"type-product","3":"status-publish","5":"product_cat-safari","6":"desktop-align-left","7":"tablet-align-left","8":"mobile-align-left","10":"first","11":"instock","12":"sold-individually","13":"shipping-taxable","14":"purchasable","15":"product-type-simple"},"acf":[],"_links":{"self":[{"href":"https:\/\/greentrip-eg.com\/tr\/wp-json\/wp\/v2\/product\/2736","targetHints":{"allow":["GET"]}}],"collection":[{"href":"https:\/\/greentrip-eg.com\/tr\/wp-json\/wp\/v2\/product"}],"about":[{"href":"https:\/\/greentrip-eg.com\/tr\/wp-json\/wp\/v2\/types\/product"}],"replies":[{"embeddable":true,"href":"https:\/\/greentrip-eg.com\/tr\/wp-json\/wp\/v2\/comments?post=2736"}],"wp:attachment":[{"href":"https:\/\/greentrip-eg.com\/tr\/wp-json\/wp\/v2\/media?parent=2736"}],"wp:term":[{"taxonomy":"product_brand","embeddable":true,"href":"https:\/\/greentrip-eg.com\/tr\/wp-json\/wp\/v2\/product_brand?post=2736"},{"taxonomy":"product_cat","embeddable":true,"href":"https:\/\/greentrip-eg.com\/tr\/wp-json\/wp\/v2\/product_cat?post=2736"},{"taxonomy":"product_tag","embeddable":true,"href":"https:\/\/greentrip-eg.com\/tr\/wp-json\/wp\/v2\/product_tag?post=2736"}],"curies":[{"name":"wp","href":"https:\/\/api.w.org\/{rel}","templated":true}]}}