{"id":2756,"date":"2026-03-22T16:51:34","date_gmt":"2026-03-22T16:51:34","guid":{"rendered":"https:\/\/greentrip-eg.com\/product\/sarm-el-seyh-sehir-turu\/"},"modified":"2026-03-22T16:51:34","modified_gmt":"2026-03-22T16:51:34","slug":"sarm-el-seyh-sehir-turu","status":"publish","type":"product","link":"https:\/\/greentrip-eg.com\/tr\/urun\/sarm-el-seyh-sehir-turu\/","title":{"rendered":"\u015earm El-\u015eeyh \u015eehir Turu"},"content":{"rendered":"","protected":false},"excerpt":{"rendered":"<p data-start=\"106\" data-end=\"454\">\u015earm El-\u015eeyh\u2019in b\u00fcy\u00fcs\u00fcn\u00fc ke\u015ffedin ve \u015fehrin en \u00f6nemli dini ve e\u011flence noktalar\u0131n\u0131 i\u00e7eren \u00f6zel bir turun keyfini \u00e7\u0131kar\u0131n. \u015eehrin en b\u00fcy\u00fck ve en g\u00fczel camilerinden biri olan Sahabe Camii\u2019ni ziyaret edin ve \u0130ncil\u2019den hik\u00e2yeleri etkileyici sanat eserleriyle anlatan modern bir sanat \u015faheseri olan K\u0131pti Ortodoks \u201cG\u00f6ksel Kilise\u201dyi g\u00f6r\u00fcn.<br \/>Tur ayr\u0131ca, canl\u0131 atmosferi ve harika e\u011flence g\u00f6sterileriyle \u00fcnl\u00fc Naama K\u00f6rfezi veya Soho Square ziyaretini de i\u00e7ermektedir.    <\/p>\n","protected":false},"featured_media":0,"comment_status":"open","ping_status":"closed","template":"","meta":{"_acf_changed":false,"site-sidebar-layout":"default","site-content-layout":"","ast-site-content-layout":"default","site-content-style":"default","site-sidebar-style":"default","ast-global-header-display":"","ast-banner-title-visibility":"","ast-main-header-display":"","ast-hfb-above-header-display":"","ast-hfb-below-header-display":"","ast-hfb-mobile-header-display":"","site-post-title":"","ast-breadcrumbs-content":"","ast-featured-img":"","footer-sml-layout":"","ast-disable-related-posts":"","theme-transparent-header-meta":"default","adv-header-id-meta":"","stick-header-meta":"","header-above-stick-meta":"","header-main-stick-meta":"","header-below-stick-meta":"","astra-migrate-meta-layouts":"default","ast-page-background-enabled":"default","ast-page-background-meta":{"desktop":{"background-color":"var(--ast-global-color-5)","background-image":"","background-repeat":"repeat","background-position":"center center","background-size":"auto","background-attachment":"scroll","background-type":"","background-media":"","overlay-type":"","overlay-color":"","overlay-opacity":"","overlay-gradient":""},"tablet":{"background-color":"","background-image":"","background-repeat":"repeat","background-position":"center center","background-size":"auto","background-attachment":"scroll","background-type":"","background-media":"","overlay-type":"","overlay-color":"","overlay-opacity":"","overlay-gradient":""},"mobile":{"background-color":"","background-image":"","background-repeat":"repeat","background-position":"center center","background-size":"auto","background-attachment":"scroll","background-type":"","background-media":"","overlay-type":"","overlay-color":"","overlay-opacity":"","overlay-gradient":""}},"ast-content-background-meta":{"desktop":{"background-color":"var(--ast-global-color-4)","background-image":"","background-repeat":"repeat","background-position":"center center","background-size":"auto","background-attachment":"scroll","background-type":"","background-media":"","overlay-type":"","overlay-color":"","overlay-opacity":"","overlay-gradient":""},"tablet":{"background-color":"var(--ast-global-color-4)","background-image":"","background-repeat":"repeat","background-position":"center center","background-size":"auto","background-attachment":"scroll","background-type":"","background-media":"","overlay-type":"","overlay-color":"","overlay-opacity":"","overlay-gradient":""},"mobile":{"background-color":"var(--ast-global-color-4)","background-image":"","background-repeat":"repeat","background-position":"center center","background-size":"auto","background-attachment":"scroll","background-type":"","background-media":"","overlay-type":"","overlay-color":"","overlay-opacity":"","overlay-gradient":""}}},"product_brand":[],"product_cat":[79],"product_tag":[],"class_list":{"0":"post-2756","1":"product","2":"type-product","3":"status-publish","5":"product_cat-turizm","6":"desktop-align-left","7":"tablet-align-left","8":"mobile-align-left","10":"first","11":"instock","12":"sold-individually","13":"shipping-taxable","14":"purchasable","15":"product-type-simple"},"acf":[],"_links":{"self":[{"href":"https:\/\/greentrip-eg.com\/tr\/wp-json\/wp\/v2\/product\/2756","targetHints":{"allow":["GET"]}}],"collection":[{"href":"https:\/\/greentrip-eg.com\/tr\/wp-json\/wp\/v2\/product"}],"about":[{"href":"https:\/\/greentrip-eg.com\/tr\/wp-json\/wp\/v2\/types\/product"}],"replies":[{"embeddable":true,"href":"https:\/\/greentrip-eg.com\/tr\/wp-json\/wp\/v2\/comments?post=2756"}],"wp:attachment":[{"href":"https:\/\/greentrip-eg.com\/tr\/wp-json\/wp\/v2\/media?parent=2756"}],"wp:term":[{"taxonomy":"product_brand","embeddable":true,"href":"https:\/\/greentrip-eg.com\/tr\/wp-json\/wp\/v2\/product_brand?post=2756"},{"taxonomy":"product_cat","embeddable":true,"href":"https:\/\/greentrip-eg.com\/tr\/wp-json\/wp\/v2\/product_cat?post=2756"},{"taxonomy":"product_tag","embeddable":true,"href":"https:\/\/greentrip-eg.com\/tr\/wp-json\/wp\/v2\/product_tag?post=2756"}],"curies":[{"name":"wp","href":"https:\/\/api.w.org\/{rel}","templated":true}]}}