{"id":2757,"date":"2026-03-22T16:51:27","date_gmt":"2026-03-22T16:51:27","guid":{"rendered":"https:\/\/greentrip-eg.com\/product\/sarm-el-seyhten-feribotla-petra-turu\/"},"modified":"2026-03-22T16:51:27","modified_gmt":"2026-03-22T16:51:27","slug":"sarm-el-seyhten-feribotla-petra-turu","status":"publish","type":"product","link":"https:\/\/greentrip-eg.com\/tr\/urun\/sarm-el-seyhten-feribotla-petra-turu\/","title":{"rendered":"\u015earm El-\u015eeyh\u2019ten feribotla Petra turu"},"content":{"rendered":"","protected":false},"excerpt":{"rendered":"<p data-start=\"129\" data-end=\"464\">D\u00fcnyan\u0131n Yeni Yedi Harikas\u0131\u2019ndan biri olan G\u00fcl \u015eehri Petra\u2019ya unutulmaz bir tarihi yolculu\u011fun keyfini \u00e7\u0131kar\u0131n. \u015earm El-\u015eeyh\u2019ten d\u00fczenlenen tam g\u00fcnl\u00fck turda, Nebatilerin eski ba\u015fkenti olan ve kayalara oyulmu\u015f bu b\u00fcy\u00fcleyici \u015fehri ke\u015ffedin.<br \/>\u00dcnl\u00fc Siq ge\u00e7idinden y\u00fcr\u00fcyerek ilerleyin ve 2000 y\u0131l\u0131 a\u015fk\u0131n ge\u00e7mi\u015fe sahip g\u00f6rkemli Hazine (Al-Khazneh) yap\u0131s\u0131na ula\u015f\u0131n. Macera, tarih ve b\u00fcy\u00fcleyici do\u011fal manzaralar\u0131 bir araya getiren e\u015fsiz bir deneyim sizi bekliyor.      <\/p>\n<p data-start=\"1092\" data-end=\"1127\">Tur g\u00fcnleri: \u00c7ar\u015famba ve Cumartesi.<\/p>\n<p data-start=\"1284\" data-end=\"1362\">\u00d6nemli not: Turdan en az 2 g\u00fcn \u00f6nce pasaport foto\u011fraf\u0131n\u0131n g\u00f6nderilmesi gerekmektedir.<\/p>\n<p data-start=\"1365\" data-end=\"1476\">Acil durumlar nedeniyle feribotun iptal edilmesi halinde, Taba kara s\u0131n\u0131r kap\u0131s\u0131 \u00fczerinden ge\u00e7i\u015f yap\u0131larak \u00dcrd\u00fcn\u2019e giri\u015f i\u00e7in Wadi Araba s\u0131n\u0131r kap\u0131s\u0131 kullan\u0131lacakt\u0131r.<\/p>\n<p><\/p>\n<p data-start=\"1479\" data-end=\"1541\">\u0130ptal politikas\u0131: \u0130ptal durumunda tur \u00fccretinin %50\u2019si kesilir.<\/p>\n","protected":false},"featured_media":0,"comment_status":"open","ping_status":"closed","template":"","meta":{"_acf_changed":false,"site-sidebar-layout":"default","site-content-layout":"","ast-site-content-layout":"default","site-content-style":"default","site-sidebar-style":"default","ast-global-header-display":"","ast-banner-title-visibility":"","ast-main-header-display":"","ast-hfb-above-header-display":"","ast-hfb-below-header-display":"","ast-hfb-mobile-header-display":"","site-post-title":"","ast-breadcrumbs-content":"","ast-featured-img":"","footer-sml-layout":"","ast-disable-related-posts":"","theme-transparent-header-meta":"default","adv-header-id-meta":"","stick-header-meta":"","header-above-stick-meta":"","header-main-stick-meta":"","header-below-stick-meta":"","astra-migrate-meta-layouts":"default","ast-page-background-enabled":"default","ast-page-background-meta":{"desktop":{"background-color":"var(--ast-global-color-5)","background-image":"","background-repeat":"repeat","background-position":"center center","background-size":"auto","background-attachment":"scroll","background-type":"","background-media":"","overlay-type":"","overlay-color":"","overlay-opacity":"","overlay-gradient":""},"tablet":{"background-color":"","background-image":"","background-repeat":"repeat","background-position":"center center","background-size":"auto","background-attachment":"scroll","background-type":"","background-media":"","overlay-type":"","overlay-color":"","overlay-opacity":"","overlay-gradient":""},"mobile":{"background-color":"","background-image":"","background-repeat":"repeat","background-position":"center center","background-size":"auto","background-attachment":"scroll","background-type":"","background-media":"","overlay-type":"","overlay-color":"","overlay-opacity":"","overlay-gradient":""}},"ast-content-background-meta":{"desktop":{"background-color":"var(--ast-global-color-4)","background-image":"","background-repeat":"repeat","background-position":"center center","background-size":"auto","background-attachment":"scroll","background-type":"","background-media":"","overlay-type":"","overlay-color":"","overlay-opacity":"","overlay-gradient":""},"tablet":{"background-color":"var(--ast-global-color-4)","background-image":"","background-repeat":"repeat","background-position":"center center","background-size":"auto","background-attachment":"scroll","background-type":"","background-media":"","overlay-type":"","overlay-color":"","overlay-opacity":"","overlay-gradient":""},"mobile":{"background-color":"var(--ast-global-color-4)","background-image":"","background-repeat":"repeat","background-position":"center center","background-size":"auto","background-attachment":"scroll","background-type":"","background-media":"","overlay-type":"","overlay-color":"","overlay-opacity":"","overlay-gradient":""}}},"product_brand":[],"product_cat":[79],"product_tag":[],"class_list":{"0":"post-2757","1":"product","2":"type-product","3":"status-publish","5":"product_cat-turizm","6":"desktop-align-left","7":"tablet-align-left","8":"mobile-align-left","10":"first","11":"instock","12":"sold-individually","13":"shipping-taxable","14":"purchasable","15":"product-type-simple"},"acf":[],"_links":{"self":[{"href":"https:\/\/greentrip-eg.com\/tr\/wp-json\/wp\/v2\/product\/2757","targetHints":{"allow":["GET"]}}],"collection":[{"href":"https:\/\/greentrip-eg.com\/tr\/wp-json\/wp\/v2\/product"}],"about":[{"href":"https:\/\/greentrip-eg.com\/tr\/wp-json\/wp\/v2\/types\/product"}],"replies":[{"embeddable":true,"href":"https:\/\/greentrip-eg.com\/tr\/wp-json\/wp\/v2\/comments?post=2757"}],"wp:attachment":[{"href":"https:\/\/greentrip-eg.com\/tr\/wp-json\/wp\/v2\/media?parent=2757"}],"wp:term":[{"taxonomy":"product_brand","embeddable":true,"href":"https:\/\/greentrip-eg.com\/tr\/wp-json\/wp\/v2\/product_brand?post=2757"},{"taxonomy":"product_cat","embeddable":true,"href":"https:\/\/greentrip-eg.com\/tr\/wp-json\/wp\/v2\/product_cat?post=2757"},{"taxonomy":"product_tag","embeddable":true,"href":"https:\/\/greentrip-eg.com\/tr\/wp-json\/wp\/v2\/product_tag?post=2757"}],"curies":[{"name":"wp","href":"https:\/\/api.w.org\/{rel}","templated":true}]}}