{"id":2796,"date":"2026-03-22T16:50:37","date_gmt":"2026-03-22T16:50:37","guid":{"rendered":"https:\/\/greentrip-eg.com\/product\/sarm-el-seyh-intro-tanitim-dalis-kursu\/"},"modified":"2026-03-22T16:50:37","modified_gmt":"2026-03-22T16:50:37","slug":"sarm-el-seyh-intro-tanitim-dalis-kursu","status":"publish","type":"product","link":"https:\/\/greentrip-eg.com\/tr\/urun\/sarm-el-seyh-intro-tanitim-dalis-kursu\/","title":{"rendered":"\u015earm El-\u015eeyh \u2013 Intro (tan\u0131t\u0131m) dal\u0131\u015f kursu"},"content":{"rendered":"","protected":false},"excerpt":{"rendered":"<p data-start=\"119\" data-end=\"332\">Intro dal\u0131\u015f kursunda dal\u0131\u015f d\u00fcnyas\u0131n\u0131 ke\u015ffedin. Havuzda teorik temel e\u011fitim ve temel becerilerin \u00f6\u011frenilmesinin ard\u0131ndan, profesyonel bir e\u011fitmen e\u015fli\u011finde sahilden dal\u0131\u015f prati\u011fi yapars\u0131n\u0131z. Kurs tek g\u00fcnde tamamlan\u0131r ve 1 y\u0131l ge\u00e7erli sertifika verilir. <\/p>\n","protected":false},"featured_media":0,"comment_status":"open","ping_status":"closed","template":"","meta":{"_acf_changed":false,"site-sidebar-layout":"default","site-content-layout":"","ast-site-content-layout":"default","site-content-style":"default","site-sidebar-style":"default","ast-global-header-display":"","ast-banner-title-visibility":"","ast-main-header-display":"","ast-hfb-above-header-display":"","ast-hfb-below-header-display":"","ast-hfb-mobile-header-display":"","site-post-title":"","ast-breadcrumbs-content":"","ast-featured-img":"","footer-sml-layout":"","ast-disable-related-posts":"","theme-transparent-header-meta":"default","adv-header-id-meta":"","stick-header-meta":"","header-above-stick-meta":"","header-main-stick-meta":"","header-below-stick-meta":"","astra-migrate-meta-layouts":"default","ast-page-background-enabled":"default","ast-page-background-meta":{"desktop":{"background-color":"var(--ast-global-color-5)","background-image":"","background-repeat":"repeat","background-position":"center center","background-size":"auto","background-attachment":"scroll","background-type":"","background-media":"","overlay-type":"","overlay-color":"","overlay-opacity":"","overlay-gradient":""},"tablet":{"background-color":"","background-image":"","background-repeat":"repeat","background-position":"center center","background-size":"auto","background-attachment":"scroll","background-type":"","background-media":"","overlay-type":"","overlay-color":"","overlay-opacity":"","overlay-gradient":""},"mobile":{"background-color":"","background-image":"","background-repeat":"repeat","background-position":"center center","background-size":"auto","background-attachment":"scroll","background-type":"","background-media":"","overlay-type":"","overlay-color":"","overlay-opacity":"","overlay-gradient":""}},"ast-content-background-meta":{"desktop":{"background-color":"var(--ast-global-color-4)","background-image":"","background-repeat":"repeat","background-position":"center center","background-size":"auto","background-attachment":"scroll","background-type":"","background-media":"","overlay-type":"","overlay-color":"","overlay-opacity":"","overlay-gradient":""},"tablet":{"background-color":"var(--ast-global-color-4)","background-image":"","background-repeat":"repeat","background-position":"center center","background-size":"auto","background-attachment":"scroll","background-type":"","background-media":"","overlay-type":"","overlay-color":"","overlay-opacity":"","overlay-gradient":""},"mobile":{"background-color":"var(--ast-global-color-4)","background-image":"","background-repeat":"repeat","background-position":"center center","background-size":"auto","background-attachment":"scroll","background-type":"","background-media":"","overlay-type":"","overlay-color":"","overlay-opacity":"","overlay-gradient":""}}},"product_brand":[],"product_cat":[80],"product_tag":[],"class_list":{"0":"post-2796","1":"product","2":"type-product","3":"status-publish","5":"product_cat----snorkelle-dalis","6":"desktop-align-left","7":"tablet-align-left","8":"mobile-align-left","10":"first","11":"instock","12":"sold-individually","13":"shipping-taxable","14":"product-type-simple"},"acf":[],"_links":{"self":[{"href":"https:\/\/greentrip-eg.com\/tr\/wp-json\/wp\/v2\/product\/2796","targetHints":{"allow":["GET"]}}],"collection":[{"href":"https:\/\/greentrip-eg.com\/tr\/wp-json\/wp\/v2\/product"}],"about":[{"href":"https:\/\/greentrip-eg.com\/tr\/wp-json\/wp\/v2\/types\/product"}],"replies":[{"embeddable":true,"href":"https:\/\/greentrip-eg.com\/tr\/wp-json\/wp\/v2\/comments?post=2796"}],"wp:attachment":[{"href":"https:\/\/greentrip-eg.com\/tr\/wp-json\/wp\/v2\/media?parent=2796"}],"wp:term":[{"taxonomy":"product_brand","embeddable":true,"href":"https:\/\/greentrip-eg.com\/tr\/wp-json\/wp\/v2\/product_brand?post=2796"},{"taxonomy":"product_cat","embeddable":true,"href":"https:\/\/greentrip-eg.com\/tr\/wp-json\/wp\/v2\/product_cat?post=2796"},{"taxonomy":"product_tag","embeddable":true,"href":"https:\/\/greentrip-eg.com\/tr\/wp-json\/wp\/v2\/product_tag?post=2796"}],"curies":[{"name":"wp","href":"https:\/\/api.w.org\/{rel}","templated":true}]}}